{"id":4738,"date":"2022-04-26T15:07:25","date_gmt":"2022-04-26T13:07:25","guid":{"rendered":"https:\/\/labiennale.art.pl\/?page_id=4738"},"modified":"2026-03-18T14:41:15","modified_gmt":"2026-03-18T13:41:15","slug":"home","status":"publish","type":"page","link":"https:\/\/labiennale.art.pl\/en\/","title":{"rendered":"Home &#8211; home"},"content":{"rendered":"","protected":false},"excerpt":{"rendered":"","protected":false},"author":1,"featured_media":0,"parent":0,"menu_order":0,"comment_status":"closed","ping_status":"open","template":"p-home.php","meta":[],"acf":[],"yoast_head":"<!-- This site is optimized with the Yoast SEO plugin v16.3 - https:\/\/yoast.com\/wordpress\/plugins\/seo\/ -->\n<meta name=\"robots\" content=\"index, follow, max-snippet:-1, max-image-preview:large, max-video-preview:-1\" \/>\n<link rel=\"canonical\" href=\"https:\/\/labiennale.art.pl\/en\/\" \/>\n<meta property=\"og:locale\" content=\"en_US\" \/>\n<meta property=\"og:type\" content=\"article\" \/>\n<meta property=\"og:title\" content=\"Home - home - Pawilon Polski w Wenecji\" \/>\n<meta property=\"og:url\" content=\"https:\/\/labiennale.art.pl\/en\/\" \/>\n<meta property=\"og:site_name\" content=\"Pawilon Polski w Wenecji\" \/>\n<meta property=\"article:modified_time\" content=\"2026-03-18T13:41:15+00:00\" \/>\n<meta name=\"twitter:card\" content=\"summary_large_image\" \/>\n<script type=\"application\/ld+json\" class=\"yoast-schema-graph\">{\"@context\":\"https:\/\/schema.org\",\"@graph\":[{\"@type\":\"WebSite\",\"@id\":\"https:\/\/labiennale.art.pl\/#website\",\"url\":\"https:\/\/labiennale.art.pl\/\",\"name\":\"Pawilon Polski w Wenecji\",\"description\":\"W Mi\\u0119dzynarodowej Wystawie Sztuki \\u2014 La Biennale di Venezia Polska uczestniczy od 1932 roku, a w Mi\\u0119dzynarodowej Wystawie Architektury \\u2014 od roku 1991.\",\"potentialAction\":[{\"@type\":\"SearchAction\",\"target\":\"https:\/\/labiennale.art.pl\/?s={search_term_string}\",\"query-input\":\"required name=search_term_string\"}],\"inLanguage\":\"en-US\"},{\"@type\":\"WebPage\",\"@id\":\"https:\/\/labiennale.art.pl\/en\/#webpage\",\"url\":\"https:\/\/labiennale.art.pl\/en\/\",\"name\":\"Home - home - Pawilon Polski w Wenecji\",\"isPartOf\":{\"@id\":\"https:\/\/labiennale.art.pl\/#website\"},\"datePublished\":\"2022-04-26T13:07:25+00:00\",\"dateModified\":\"2026-03-18T13:41:15+00:00\",\"breadcrumb\":{\"@id\":\"https:\/\/labiennale.art.pl\/en\/#breadcrumb\"},\"inLanguage\":\"en-US\",\"potentialAction\":[{\"@type\":\"ReadAction\",\"target\":[\"https:\/\/labiennale.art.pl\/en\/\"]}]},{\"@type\":\"BreadcrumbList\",\"@id\":\"https:\/\/labiennale.art.pl\/en\/#breadcrumb\",\"itemListElement\":[{\"@type\":\"ListItem\",\"position\":1,\"item\":{\"@type\":\"WebPage\",\"@id\":\"https:\/\/labiennale.art.pl\/en\/\",\"url\":\"https:\/\/labiennale.art.pl\/en\/\",\"name\":\"Home\"}},{\"@type\":\"ListItem\",\"position\":2,\"item\":{\"@id\":\"https:\/\/labiennale.art.pl\/en\/#webpage\"}}]}]}<\/script>\n<!-- \/ Yoast SEO plugin. -->","ACF":{"top_slider":[{"image":{"ID":8318,"id":8318,"title":"Bogna Burska, Daniel Kotowski, J\u0119zyki z wody, 2026, wideo, dzi\u0119ki uprzejmo\u015bci Zach\u0119ty \u2013 Narodowej Galerii Sztuki (2)","filename":"Bogna-Burska-Daniel-Kotowski-Jezyki-z-wody-2026-wideo-dzieki-uprzejmosci-Zachety-\u2013-Narodowej-Galerii-Sztuki-2-scaled.jpg","filesize":609381,"url":"https:\/\/labiennale.art.pl\/wp-content\/uploads\/2025\/11\/Bogna-Burska-Daniel-Kotowski-Jezyki-z-wody-2026-wideo-dzieki-uprzejmosci-Zachety-\u2013-Narodowej-Galerii-Sztuki-2-scaled.jpg","link":"https:\/\/labiennale.art.pl\/en\/wystawy\/liquid-tongues\/bogna-burska-daniel-kotowski-jezyki-z-wody-2026-wideo-dzieki-uprzejmosci-zachety-narodowej-galerii-sztuki-2-2\/","alt":"","author":"1","description":"","caption":"","name":"bogna-burska-daniel-kotowski-jezyki-z-wody-2026-wideo-dzieki-uprzejmosci-zachety-narodowej-galerii-sztuki-2-2","status":"inherit","uploaded_to":8158,"date":"2026-03-11 15:23:46","modified":"2026-03-18 13:40:29","menu_order":0,"mime_type":"image\/jpeg","type":"image","subtype":"jpeg","icon":"https:\/\/labiennale.art.pl\/wp-includes\/images\/media\/default.png","width":2560,"height":1355,"sizes":{"thumbnail":"https:\/\/labiennale.art.pl\/wp-content\/uploads\/2025\/11\/Bogna-Burska-Daniel-Kotowski-Jezyki-z-wody-2026-wideo-dzieki-uprzejmosci-Zachety-\u2013-Narodowej-Galerii-Sztuki-2-340x340.jpg","thumbnail-width":340,"thumbnail-height":340,"medium":"https:\/\/labiennale.art.pl\/wp-content\/uploads\/2025\/11\/Bogna-Burska-Daniel-Kotowski-Jezyki-z-wody-2026-wideo-dzieki-uprzejmosci-Zachety-\u2013-Narodowej-Galerii-Sztuki-2-340x180.jpg","medium-width":340,"medium-height":180,"medium_large":"https:\/\/labiennale.art.pl\/wp-content\/uploads\/2025\/11\/Bogna-Burska-Daniel-Kotowski-Jezyki-z-wody-2026-wideo-dzieki-uprzejmosci-Zachety-\u2013-Narodowej-Galerii-Sztuki-2-768x407.jpg","medium_large-width":768,"medium_large-height":407,"large":"https:\/\/labiennale.art.pl\/wp-content\/uploads\/2025\/11\/Bogna-Burska-Daniel-Kotowski-Jezyki-z-wody-2026-wideo-dzieki-uprzejmosci-Zachety-\u2013-Narodowej-Galerii-Sztuki-2-1024x542.jpg","large-width":1024,"large-height":542,"1536x1536":"https:\/\/labiennale.art.pl\/wp-content\/uploads\/2025\/11\/Bogna-Burska-Daniel-Kotowski-Jezyki-z-wody-2026-wideo-dzieki-uprzejmosci-Zachety-\u2013-Narodowej-Galerii-Sztuki-2-1536x813.jpg","1536x1536-width":1536,"1536x1536-height":813,"2048x2048":"https:\/\/labiennale.art.pl\/wp-content\/uploads\/2025\/11\/Bogna-Burska-Daniel-Kotowski-Jezyki-z-wody-2026-wideo-dzieki-uprzejmosci-Zachety-\u2013-Narodowej-Galerii-Sztuki-2-2048x1084.jpg","2048x2048-width":2048,"2048x2048-height":1084,"archive_thumbnail":"https:\/\/labiennale.art.pl\/wp-content\/uploads\/2025\/11\/Bogna-Burska-Daniel-Kotowski-Jezyki-z-wody-2026-wideo-dzieki-uprzejmosci-Zachety-\u2013-Narodowej-Galerii-Sztuki-2-680x454.jpg","archive_thumbnail-width":680,"archive_thumbnail-height":454,"poster_thumbnail":"https:\/\/labiennale.art.pl\/wp-content\/uploads\/2025\/11\/Bogna-Burska-Daniel-Kotowski-Jezyki-z-wody-2026-wideo-dzieki-uprzejmosci-Zachety-\u2013-Narodowej-Galerii-Sztuki-2-605x320.jpg","poster_thumbnail-width":605,"poster_thumbnail-height":320,"large_thumbnail":"https:\/\/labiennale.art.pl\/wp-content\/uploads\/2025\/11\/Bogna-Burska-Daniel-Kotowski-Jezyki-z-wody-2026-wideo-dzieki-uprzejmosci-Zachety-\u2013-Narodowej-Galerii-Sztuki-2-1920x1017.jpg","large_thumbnail-width":1920,"large_thumbnail-height":1017}},"title":"","desc":"","h_link":"Link wewn\u0119trzny","h_slider_link":"","h_slider_link_w":"https:\/\/labiennale.art.pl\/en\/wystawy\/datament\/"}],"teraz_w_pawilonie":"","teraz_link":"https:\/\/labiennale.art.pl\/en\/wystawy\/datament\/","teraz_opis":"<p>The Polish Pavilion at the 61. International Art Exhibition in Venice will host an exhibition entitled <em>Liquid Tongues<\/em>. As part of the project, artists Bogna Burska and Daniel Kotowski, in collaboration with the community Choir in Motion, are preparing an audio-video installation. The authors are seeking alternative modes of communication, inspired by more-than-human life. <a href=\"https:\/\/labiennale.art.pl\/en\/wystawy\/liquid-tongues\/\">More about the exhibition.<\/a><\/p>\n<p>&nbsp;<\/p>\n<p>&nbsp;<\/p>\n","show_news":true,"o_pawilonie":"<p>Poland has participated in the International Art Exhibition \u2013 La Biennale di Venezia since 1932 and in the International Architecture Exhibition since 1991. The construction of the Polish Pavilion was financed by the Polish government in the 1930s and it remains its property to this day. Zach\u0119ta \u2014 National Gallery of Art curates and organises exhibitions at the Polish Pavilion both at the Art and Architecture Biennale. Polish presentations have been repeatedly appreciated and awarded by the international Jury&#8230; <a href=\"http:\/\/labiennale.art.pl\/en\/pavilion-history\/\">more<\/a><\/p>\n","wizyta":"<p>Polish Pavilion is located in Venice in the Giardini della Biennale area (nearest vaporetto stop: Giardini)&#8230; <a href=\"http:\/\/labiennale.art.pl\/en\/contact\/\">more<\/a><\/p>\n","show_recommended":false,"show_reactions":false,"show_now":false,"teraz_heading":""},"_links":{"self":[{"href":"https:\/\/labiennale.art.pl\/en\/wp-json\/wp\/v2\/pages\/4738"}],"collection":[{"href":"https:\/\/labiennale.art.pl\/en\/wp-json\/wp\/v2\/pages"}],"about":[{"href":"https:\/\/labiennale.art.pl\/en\/wp-json\/wp\/v2\/types\/page"}],"author":[{"embeddable":true,"href":"https:\/\/labiennale.art.pl\/en\/wp-json\/wp\/v2\/users\/1"}],"replies":[{"embeddable":true,"href":"https:\/\/labiennale.art.pl\/en\/wp-json\/wp\/v2\/comments?post=4738"}],"version-history":[{"count":20,"href":"https:\/\/labiennale.art.pl\/en\/wp-json\/wp\/v2\/pages\/4738\/revisions"}],"predecessor-version":[{"id":8333,"href":"https:\/\/labiennale.art.pl\/en\/wp-json\/wp\/v2\/pages\/4738\/revisions\/8333"}],"wp:attachment":[{"href":"https:\/\/labiennale.art.pl\/en\/wp-json\/wp\/v2\/media?parent=4738"}],"curies":[{"name":"wp","href":"https:\/\/api.w.org\/{rel}","templated":true}]}}